{"id":1054,"date":"2025-09-02T10:58:28","date_gmt":"2025-09-02T08:58:28","guid":{"rendered":"https:\/\/papierbonoeil.com\/?page_id=1054"},"modified":"2025-09-04T13:23:24","modified_gmt":"2025-09-04T11:23:24","slug":"mentions-legales-et-cvg","status":"publish","type":"page","link":"https:\/\/papierbonoeil.com\/index.php\/mentions-legales-et-cvg\/","title":{"rendered":"Mentions l\u00e9gales et CVG"},"content":{"rendered":"\t\t<div data-elementor-type=\"wp-post\" data-elementor-id=\"1054\" class=\"elementor elementor-1054\">\n\t\t\t\t<div class=\"elementor-element elementor-element-f528480 e-flex e-con-boxed wpr-particle-no wpr-jarallax-no wpr-parallax-no wpr-sticky-section-no wpr-equal-height-no e-con e-parent\" data-id=\"f528480\" data-element_type=\"container\" data-e-type=\"container\">\n\t\t\t\t\t<div class=\"e-con-inner\">\n\t\t<div class=\"elementor-element elementor-element-f61eca5 e-con-full e-flex wpr-particle-no wpr-jarallax-no wpr-parallax-no wpr-sticky-section-no wpr-equal-height-no e-con e-child\" data-id=\"f61eca5\" data-element_type=\"container\" data-e-type=\"container\" data-settings=\"{&quot;background_background&quot;:&quot;classic&quot;}\">\n\t\t\t\t<div class=\"elementor-element elementor-element-69190a1 elementor-widget elementor-widget-heading\" data-id=\"69190a1\" data-element_type=\"widget\" data-e-type=\"widget\" data-widget_type=\"heading.default\">\n\t\t\t\t<div class=\"elementor-widget-container\">\n\t\t\t\t\t<h2 class=\"elementor-heading-title elementor-size-default\">MENTIONS L\u00c9GALES ET CVG<\/h2>\t\t\t\t<\/div>\n\t\t\t\t<\/div>\n\t\t\t\t<div class=\"elementor-element elementor-element-e87d4ad elementor-widget elementor-widget-text-editor\" data-id=\"e87d4ad\" data-element_type=\"widget\" data-e-type=\"widget\" data-widget_type=\"text-editor.default\">\n\t\t\t\t<div class=\"elementor-widget-container\">\n\t\t\t\t\t\t\t\t\t<p>Le site www.papierbonoeil.com que vous consultez actuellement est la propri\u00e9t\u00e9 de : Jonathan Ghodsi et Am\u00e9lie du Patit Thouars.<\/p><p>PBO\u2022Print Club est une association r\u00e9gie par la loi du 1er juillet 1901 dont le si\u00e8ge social est situ\u00e9 au 37bis rue des Capucins 51100 REIMS.<\/p><p><strong>H\u00e9bergement :<\/strong><br \/>OVH<br \/>2 rue Kellermann<br \/>59100 Roubaix \u2013 France<br \/>T\u00e9l. : 1007<br \/>Directeur de la publication est Mme Am\u00e9lie du Petit Thouars<\/p><p><strong>Maintenance technique :<\/strong><br \/>Papier Bon \u0152il<br \/>37bis rue des Capucins<br \/>51100 REIMS \u2013 France<br \/>+33 (0)6 19 89 32 35<br \/>amelie@papierbonoeil.com<\/p><p><strong>Conditions g\u00e9n\u00e9rales d\u2019utilisation :<\/strong><br \/>Les utilisateurs du Site Internet (www.papierbonoeil.com) s\u2019engagent \u00e0 respecter les pr\u00e9sentes Conditions G\u00e9n\u00e9rales d\u2019Utilisation du Site (ci-apr\u00e8s \u00ab CGU \u00bb) stipul\u00e9es ci-dessous. Sont seuls autoris\u00e9s le t\u00e9l\u00e9chargement, le partage et l\u2019impression de photographies, illustrations, images, vid\u00e9os\u2026 par l\u2019utilisateur, avec mention du copyright \u00e0 titre priv\u00e9. Toute utilisation, reproduction, copie, diffusion \u00e0 des fins commerciales est interdite sauf autorisation expresse de l\u2019auteur de l\u2019\u0153uvre en question.<br \/>Papier Bon \u0152il est libre de modifier les CGU \u00e0 tout moment. Il vous est conseill\u00e9 de vous r\u00e9f\u00e9rer r\u00e9guli\u00e8rement \u00e0 la derni\u00e8re version des CGU, disponible en permanence en bas de page \u00e0 l\u2019adresse suivante : www.papierbonoeil.com<\/p><p><strong>Propri\u00e9t\u00e9 Intellectuelle :<\/strong><br \/>L\u2019acc\u00e8s au site www.papierbonoeil.com vous conf\u00e8re un droit d\u2019usage priv\u00e9 et non exclusif de ce Site. Le Site et tous ses \u00e9l\u00e9ments notamment les textes, photographies, illustrations, images, s\u00e9quences anim\u00e9es, etc. constituent des \u0153uvres au sens du code de la Propri\u00e9t\u00e9 Intellectuelle et sont la propri\u00e9t\u00e9 de Papier Bon \u0152il. Ce Site respecte les droits d\u2019auteur. Tous les droits de reproduction, de repr\u00e9sentation et d\u2019adaptation sont r\u00e9serv\u00e9s, y compris pour les documents t\u00e9l\u00e9chargeables et les repr\u00e9sentations iconographiques et photographiques.<\/p><p><strong>Utilisation g\u00e9n\u00e9rale du Site :<\/strong><br \/>Papier Bon \u0152il fait ses meilleurs efforts pour offrir aux internautes des informations, outils et services disponibles et v\u00e9rifi\u00e9s. Mais Papier Bon \u0152il ne saurait \u00eatre tenue responsable des erreurs, d\u2019une absence de disponibilit\u00e9 des informations ou de la pr\u00e9sence d\u2019un virus sur son Site. En aucun cas Papier Bon \u0152il ne saura \u00eatre tenue pour responsable des dommages directs et indirects r\u00e9sultant de l\u2019acc\u00e8s ou de l\u2019usage du Site.<\/p><p><strong>Loi informatique et libert\u00e9s :<\/strong><br \/>Conform\u00e9ment \u00e0 la loi du 6 janvier 1978 relative \u00e0 l\u2019informatique, aux fichiers et aux libert\u00e9s, vous disposez d\u2019un droit d\u2019acc\u00e8s, de rectification, de suppression et d\u2019opposition pour motifs l\u00e9gitimes des donn\u00e9es vous concernant en nous \u00e9crivant \u00e0 l\u2019adresse suivante :<br \/>Papier Bon \u0152il \u2013 37bis rue des Capucins \u2013 51100 REIMS<\/p><p><strong>Donn\u00e9es personnelles :<\/strong><br \/>Vous pouvez consulter notre site sans nous fournir de donn\u00e9es nominatives.<\/p><p><strong>Cookies :<\/strong><br \/>Le Site www.papierbonoeil.com utilise des cookies. Ces fichiers stock\u00e9s sur votre ordinateur nous servent \u00e0 faciliter votre acc\u00e8s aux services que nous proposons. Les cookies du Site ne contiennent pas de donn\u00e9es permettant de vous identifier personnellement, et ils ne sont utilis\u00e9s que pour la bonne marche du pr\u00e9sent Site. Nous vous informons que vous pouvez vous opposer \u00e0 l\u2019enregistrement de ces \u201ccookies\u201d en configurant votre ordinateur.<\/p><p><strong>Cr\u00e9dit Photos et Vid\u00e9os :<\/strong><br \/>Photos &amp; vid\u00e9o : Papier Bon \u0152il<br \/>Graphisme &amp; webdesign : Papier Bon \u0152il &amp; Lou Marhoefer &#8211; MASCOTS<\/p><p><strong>Liens :<\/strong><br \/>L\u2019existence de liens hypertextes vers d\u2019autres sites Internet ne constitue ni une recommandation, ni une validation de ces sites et de leur contenu par Papier Bon \u0152il. Le contenu et le fonctionnement de ces sites restent sous la seule et enti\u00e8re responsabilit\u00e9 du site concern\u00e9 et Papier Bon \u0152il d\u00e9cline toute responsabilit\u00e9 quant au contenu des informations ou services fournis sur les sites. Par ailleurs, la cr\u00e9ation de liens hypertextes vers le site www.papierbonoeil.com ne peut \u00eatre faite qu\u2019avec l\u2019autorisation pr\u00e9alable et expresse de Papier Bon \u0152il. Papier Bon \u0152il d\u00e9cline toute responsabilit\u00e9 concernant le contenu des sites contenant ce lien hypertexte.<\/p><p><strong>Indisponibilit\u00e9 du site :<\/strong><br \/>Papier Bon \u0152il s\u2019engage \u00e0 faire ses meilleurs efforts pour assurer aux utilisateurs une accessibilit\u00e9 du Site \u00e0 tout moment. Papier Bon \u0152il ne pourra \u00eatre tenue responsable, en cas d\u2019indisponibilit\u00e9 du Site, pour quelque cause que ce soit. En aucun cas Papier Bon \u0152il ne saura \u00eatre tenue pour responsable des dommages directs et indirects r\u00e9sultant de l\u2019acc\u00e8s ou de l\u2019usage du Site. Aucune indemnit\u00e9 ne peut \u00eatre octroy\u00e9e par Papier Bon Oeil au titre d\u2019une indisponibilit\u00e9 du Site qu\u2019elle soit temporaire ou d\u00e9finitive.<\/p><p><strong>Droit Applicable :<\/strong><br \/>Les pr\u00e9sentes CGU sont soumises au droit fran\u00e7ais \u00e0 l\u2019exclusion de toute r\u00e8gle de conflit de loi, et tout diff\u00e9rend n\u2019ayant pu trouver une issue transactionnelle sera port\u00e9 devant le Tribunal de commerce de Reims.<\/p>\t\t\t\t\t\t\t\t<\/div>\n\t\t\t\t<\/div>\n\t\t\t\t<\/div>\n\t\t\t\t\t<\/div>\n\t\t\t\t<\/div>\n\t\t\t\t<\/div>\n\t\t","protected":false},"excerpt":{"rendered":"<p>MENTIONS L\u00c9GALES ET CVG Le site www.papierbonoeil.com que vous consultez actuellement est la propri\u00e9t\u00e9 de : Jonathan Ghodsi et Am\u00e9lie du Patit Thouars. PBO\u2022Print Club est une association r\u00e9gie par la loi du 1er juillet 1901 dont le si\u00e8ge social est situ\u00e9 au 37bis rue des Capucins 51100 REIMS. H\u00e9bergement :OVH2 rue Kellermann59100 Roubaix \u2013 FranceT\u00e9l. : 1007Directeur de la publication est Mme Am\u00e9lie du Petit Thouars Maintenance technique :Papier Bon \u0152il37bis rue des Capucins51100 REIMS \u2013 France+33 (0)6 19 89 32 35amelie@papierbonoeil.com Conditions g\u00e9n\u00e9rales d\u2019utilisation :Les utilisateurs du Site Internet (www.papierbonoeil.com) s\u2019engagent \u00e0 respecter les pr\u00e9sentes Conditions G\u00e9n\u00e9rales d\u2019Utilisation du Site (ci-apr\u00e8s \u00ab CGU \u00bb) stipul\u00e9es ci-dessous. Sont seuls autoris\u00e9s le t\u00e9l\u00e9chargement, le partage et l\u2019impression de photographies, illustrations, images, vid\u00e9os\u2026 par l\u2019utilisateur, avec mention du copyright \u00e0 titre priv\u00e9. Toute utilisation, reproduction, copie, diffusion \u00e0 des fins commerciales est interdite sauf autorisation expresse de l\u2019auteur de l\u2019\u0153uvre en question.Papier Bon \u0152il est libre de modifier les CGU \u00e0 tout moment. Il vous est conseill\u00e9 de vous r\u00e9f\u00e9rer r\u00e9guli\u00e8rement \u00e0 la derni\u00e8re version des CGU, disponible en permanence en bas de page \u00e0 l\u2019adresse suivante : www.papierbonoeil.com Propri\u00e9t\u00e9 Intellectuelle :L\u2019acc\u00e8s au site www.papierbonoeil.com vous conf\u00e8re un droit d\u2019usage priv\u00e9 et non exclusif de ce Site. Le Site et tous ses \u00e9l\u00e9ments notamment les textes, photographies, illustrations, images, s\u00e9quences anim\u00e9es, etc. constituent des \u0153uvres au sens du code de la Propri\u00e9t\u00e9 Intellectuelle et sont la propri\u00e9t\u00e9 de Papier Bon \u0152il. Ce Site respecte les droits d\u2019auteur. Tous les droits de reproduction, de repr\u00e9sentation et d\u2019adaptation sont r\u00e9serv\u00e9s, y compris pour les documents t\u00e9l\u00e9chargeables et les repr\u00e9sentations iconographiques et photographiques. Utilisation g\u00e9n\u00e9rale du Site :Papier Bon \u0152il fait ses meilleurs efforts pour offrir aux internautes des informations, outils et services disponibles et v\u00e9rifi\u00e9s. Mais Papier Bon \u0152il ne saurait \u00eatre tenue responsable des erreurs, d\u2019une absence de disponibilit\u00e9 des informations ou de la pr\u00e9sence d\u2019un virus sur son Site. En aucun cas Papier Bon \u0152il ne saura \u00eatre tenue pour responsable des dommages directs et indirects r\u00e9sultant de l\u2019acc\u00e8s ou de l\u2019usage du Site. Loi informatique et libert\u00e9s :Conform\u00e9ment \u00e0 la loi du 6 janvier 1978 relative \u00e0 l\u2019informatique, aux fichiers et aux libert\u00e9s, vous disposez d\u2019un droit d\u2019acc\u00e8s, de rectification, de suppression et d\u2019opposition pour motifs l\u00e9gitimes des donn\u00e9es vous concernant en nous \u00e9crivant \u00e0 l\u2019adresse suivante :Papier Bon \u0152il \u2013 37bis rue des Capucins \u2013 51100 REIMS Donn\u00e9es personnelles :Vous pouvez consulter notre site sans nous fournir de donn\u00e9es nominatives. Cookies :Le Site www.papierbonoeil.com utilise des cookies. Ces fichiers stock\u00e9s sur votre ordinateur nous servent \u00e0 faciliter votre acc\u00e8s aux services que nous proposons. Les cookies du Site ne contiennent pas de donn\u00e9es permettant de vous identifier personnellement, et ils ne sont utilis\u00e9s que pour la bonne marche du pr\u00e9sent Site. Nous vous informons que vous pouvez vous opposer \u00e0 l\u2019enregistrement de ces \u201ccookies\u201d en configurant votre ordinateur. Cr\u00e9dit Photos et Vid\u00e9os :Photos &amp; vid\u00e9o : Papier Bon \u0152ilGraphisme &amp; webdesign : Papier Bon \u0152il &amp; Lou Marhoefer &#8211; MASCOTS Liens :L\u2019existence de liens hypertextes vers d\u2019autres sites Internet ne constitue ni une recommandation, ni une validation de ces sites et de leur contenu par Papier Bon \u0152il. Le contenu et le fonctionnement de ces sites restent sous la seule et enti\u00e8re responsabilit\u00e9 du site concern\u00e9 et Papier Bon \u0152il d\u00e9cline toute responsabilit\u00e9 quant au contenu des informations ou services fournis sur les sites. Par ailleurs, la cr\u00e9ation de liens hypertextes vers le site www.papierbonoeil.com ne peut \u00eatre faite qu\u2019avec l\u2019autorisation pr\u00e9alable et expresse de Papier Bon \u0152il. Papier Bon \u0152il d\u00e9cline toute responsabilit\u00e9 concernant le contenu des sites contenant ce lien hypertexte. Indisponibilit\u00e9 du site :Papier Bon \u0152il s\u2019engage \u00e0 faire ses meilleurs efforts pour assurer aux utilisateurs une accessibilit\u00e9 du Site \u00e0 tout moment. Papier Bon \u0152il ne pourra \u00eatre tenue responsable, en cas d\u2019indisponibilit\u00e9 du Site, pour quelque cause que ce soit. En aucun cas Papier Bon \u0152il ne saura \u00eatre tenue pour responsable des dommages directs et indirects r\u00e9sultant de l\u2019acc\u00e8s ou de l\u2019usage du Site. Aucune indemnit\u00e9 ne peut \u00eatre octroy\u00e9e par Papier Bon Oeil au titre d\u2019une indisponibilit\u00e9 du Site qu\u2019elle soit temporaire ou d\u00e9finitive. Droit Applicable :Les pr\u00e9sentes CGU sont soumises au droit fran\u00e7ais \u00e0 l\u2019exclusion de toute r\u00e8gle de conflit de loi, et tout diff\u00e9rend n\u2019ayant pu trouver une issue transactionnelle sera port\u00e9 devant le Tribunal de commerce de Reims.<\/p>\n","protected":false},"author":1,"featured_media":0,"parent":0,"menu_order":0,"comment_status":"closed","ping_status":"closed","template":"","meta":{"footnotes":""},"class_list":["post-1054","page","type-page","status-publish","hentry","entry"],"_links":{"self":[{"href":"https:\/\/papierbonoeil.com\/index.php\/wp-json\/wp\/v2\/pages\/1054","targetHints":{"allow":["GET"]}}],"collection":[{"href":"https:\/\/papierbonoeil.com\/index.php\/wp-json\/wp\/v2\/pages"}],"about":[{"href":"https:\/\/papierbonoeil.com\/index.php\/wp-json\/wp\/v2\/types\/page"}],"author":[{"embeddable":true,"href":"https:\/\/papierbonoeil.com\/index.php\/wp-json\/wp\/v2\/users\/1"}],"replies":[{"embeddable":true,"href":"https:\/\/papierbonoeil.com\/index.php\/wp-json\/wp\/v2\/comments?post=1054"}],"version-history":[{"count":10,"href":"https:\/\/papierbonoeil.com\/index.php\/wp-json\/wp\/v2\/pages\/1054\/revisions"}],"predecessor-version":[{"id":1145,"href":"https:\/\/papierbonoeil.com\/index.php\/wp-json\/wp\/v2\/pages\/1054\/revisions\/1145"}],"wp:attachment":[{"href":"https:\/\/papierbonoeil.com\/index.php\/wp-json\/wp\/v2\/media?parent=1054"}],"curies":[{"name":"wp","href":"https:\/\/api.w.org\/{rel}","templated":true}]}}